{"id":9,"date":"2021-10-26T14:08:57","date_gmt":"2021-10-26T14:08:57","guid":{"rendered":"http:\/\/localhost\/T\/TDS\/Dev\/build\/wordpress\/?page_id=9"},"modified":"2022-03-10T09:25:51","modified_gmt":"2022-03-10T09:25:51","slug":"sobre-nos","status":"publish","type":"page","link":"https:\/\/tdscontrol.com\/pt-pt\/sobre-nos\/","title":{"rendered":"Sobre N\u00f3s"},"content":{"rendered":"\n<div class=\"wp-block-columns z-positivo is-layout-flex wp-container-core-columns-is-layout-9d6595d7 wp-block-columns-is-layout-flex\">\n<div class=\"wp-block-column mt-180 is-layout-flow wp-block-column-is-layout-flow\" style=\"flex-basis:48.93617%\">\n<div class=\"wp-block-group pt pb pl pr has-areia-background-color has-background\"><div class=\"wp-block-group__inner-container is-layout-flow wp-block-group-is-layout-flow\">\n<h2 class=\"has-preto-color has-text-color wp-block-heading\" id=\"sobre-nos\">Sobre n\u00f3s<\/h2>\n\n\n\n<p class=\"has-preto-color has-text-color\">A TDS (Tools &amp; Design Solutions) \u00e9 uma empresa totalmente dedicada \u00e0 gest\u00e3o e controle de moldes. Reunimos uma equipa de especialistas nas mais diversas \u00e1reas da confec\u00e7\u00e3o de moldes com uma longa carreira profissional.<\/p>\n\n\n\n<p class=\"has-preto-color has-text-color\">O profundo conhecimento do mercado de moldes em Portugal permite-nos desenvolver a nossa actividade com grande efici\u00eancia<\/p>\n<\/div><\/div>\n\n\n\n<figure class=\"wp-block-image size-large\"><img loading=\"lazy\" decoding=\"async\" width=\"1024\" height=\"583\" src=\"https:\/\/tdscontrol.com\/wp-content\/uploads\/2022\/03\/desenho-tecnico-1024x583.jpg\" alt=\"\" class=\"wp-image-795\" srcset=\"https:\/\/tdscontrol.com\/wp-content\/uploads\/2022\/03\/desenho-tecnico-1024x583.jpg 1024w, https:\/\/tdscontrol.com\/wp-content\/uploads\/2022\/03\/desenho-tecnico-768x437.jpg 768w, https:\/\/tdscontrol.com\/wp-content\/uploads\/2022\/03\/desenho-tecnico.jpg 1286w\" sizes=\"auto, (max-width: 1024px) 100vw, 1024px\" \/><\/figure>\n<\/div>\n\n\n\n<div class=\"wp-block-column pt pb pl pr is-layout-flow wp-block-column-is-layout-flow\" style=\"flex-basis:48.93617%\">\n<h2 class=\"has-preto-color has-text-color wp-block-heading\" id=\"valores\">Valores<\/h2>\n\n\n\n<p class=\"has-preto-color has-text-color\">Conhecimento, trabalho \u00e1rduo e experi\u00eancia de muitos anos no mercado s\u00e3o os nossos principais valores, aliados a um alto controle de acompanhamento.<\/p>\n<\/div>\n<\/div>\n\n\n\n<div class=\"wp-block-cover alignfull is-light pt pb mt-120 z-negativo\"><span aria-hidden=\"true\" class=\"has-branco-background-color has-background-dim-90 wp-block-cover__gradient-background has-background-dim\"><\/span><img loading=\"lazy\" decoding=\"async\" width=\"1920\" height=\"1075\" class=\"wp-block-cover__image-background wp-image-583\" alt=\"\" src=\"http:\/\/localhost\/T\/TDS\/Dev\/build\/wordpress\/wp-content\/uploads\/2021\/11\/rede-binario.jpg\" data-object-fit=\"cover\" srcset=\"https:\/\/tdscontrol.com\/wp-content\/uploads\/2021\/11\/rede-binario.jpg 1920w, https:\/\/tdscontrol.com\/wp-content\/uploads\/2021\/11\/rede-binario-1024x573.jpg 1024w, https:\/\/tdscontrol.com\/wp-content\/uploads\/2021\/11\/rede-binario-768x430.jpg 768w, https:\/\/tdscontrol.com\/wp-content\/uploads\/2021\/11\/rede-binario-1536x860.jpg 1536w\" sizes=\"auto, (max-width: 1920px) 100vw, 1920px\" \/><div class=\"wp-block-cover__inner-container is-layout-flow wp-block-cover-is-layout-flow\">\n<div class=\"wp-block-columns pt pb is-layout-flex wp-container-core-columns-is-layout-9d6595d7 wp-block-columns-is-layout-flex\">\n<div class=\"wp-block-column pt pb is-layout-flow wp-block-column-is-layout-flow\" style=\"flex-basis:40.425532%\">\n<div class=\"wp-block-group pt pb pr pl mr-120 z-positivo linha-direita has-branco-background-color has-background\"><div class=\"wp-block-group__inner-container is-layout-flow wp-block-group-is-layout-flow\">\n<h2 class=\"has-preto-color has-text-color wp-block-heading\" id=\"missao\">Miss\u00e3o<\/h2>\n\n\n\n<p class=\"has-preto-color has-text-color\">A nossa miss\u00e3o \u00e9 encontrar as melhores e eficientes solu\u00e7\u00f5es no fabrico de moldes, monitoriza\u00e7\u00e3o e controle de todo o processo do in\u00edcio ao fim. Do projeto inicial ao envio do molde.<\/p>\n\n\n\n<p class=\"has-preto-color has-text-color\">Estamos profundamente orientados para que as Plantas de Produ\u00e7\u00e3o tenham moldes de qualidade adaptadas \u00e0s suas exig\u00eancias e necessidades. A satisfa\u00e7\u00e3o do cliente \u00e9 a nossa principal miss\u00e3o.<\/p>\n<\/div><\/div>\n<\/div>\n\n\n\n<div class=\"wp-block-column is-layout-flow wp-block-column-is-layout-flow\" style=\"flex-basis:57.446809%\">\n<div class=\"wp-block-cover\"><span aria-hidden=\"true\" class=\"has-background-dim-0 wp-block-cover__gradient-background has-background-dim\"><\/span><img loading=\"lazy\" decoding=\"async\" width=\"1920\" height=\"1280\" class=\"wp-block-cover__image-background wp-image-87\" alt=\"\" src=\"https:\/\/tdscontrol.com\/wp-content\/uploads\/2021\/10\/cnc.jpg\" data-object-fit=\"cover\" srcset=\"https:\/\/tdscontrol.com\/wp-content\/uploads\/2021\/10\/cnc.jpg 1920w, https:\/\/tdscontrol.com\/wp-content\/uploads\/2021\/10\/cnc-1024x683.jpg 1024w, https:\/\/tdscontrol.com\/wp-content\/uploads\/2021\/10\/cnc-768x512.jpg 768w, https:\/\/tdscontrol.com\/wp-content\/uploads\/2021\/10\/cnc-1536x1024.jpg 1536w\" sizes=\"auto, (max-width: 1920px) 100vw, 1920px\" \/><div class=\"wp-block-cover__inner-container is-layout-flow wp-block-cover-is-layout-flow\">\n<p class=\"has-text-align-center has-large-font-size\"><\/p>\n<\/div><\/div>\n<\/div>\n<\/div>\n<\/div><\/div>\n\n\n\n<div class=\"wp-block-columns alignfull are-vertically-aligned-center z-positivo is-layout-flex wp-container-core-columns-is-layout-9d6595d7 wp-block-columns-is-layout-flex\">\n<div class=\"wp-block-column is-vertically-aligned-center mt-120 is-layout-flow wp-block-column-is-layout-flow\" style=\"flex-basis:50%\">\n<div class=\"wp-block-cover\" style=\"min-height:600px;aspect-ratio:unset;\"><span aria-hidden=\"true\" class=\"has-background-dim-0 wp-block-cover__gradient-background has-background-dim\"><\/span><img loading=\"lazy\" decoding=\"async\" width=\"972\" height=\"828\" class=\"wp-block-cover__image-background wp-image-800\" alt=\"\" src=\"https:\/\/tdscontrol.com\/wp-content\/uploads\/2022\/03\/maquina_moldar_plastico.jpg\" data-object-fit=\"cover\" srcset=\"https:\/\/tdscontrol.com\/wp-content\/uploads\/2022\/03\/maquina_moldar_plastico.jpg 972w, https:\/\/tdscontrol.com\/wp-content\/uploads\/2022\/03\/maquina_moldar_plastico-768x654.jpg 768w\" sizes=\"auto, (max-width: 972px) 100vw, 972px\" \/><div class=\"wp-block-cover__inner-container is-layout-flow wp-block-cover-is-layout-flow\">\n<p class=\"has-large-font-size\"><\/p>\n<\/div><\/div>\n<\/div>\n\n\n\n<div class=\"wp-block-column is-vertically-aligned-center pt pb pl pr maxwidth50 is-layout-flow wp-block-column-is-layout-flow\" style=\"flex-basis:50%\">\n<h2 class=\"wp-block-heading\" id=\"visao\">Vis\u00e3o<\/h2>\n\n\n\n<p>Tornar-se o parceiro ideal para aquelas empresas que, pela sua localiza\u00e7\u00e3o, pretendem ter o apoio e seguimento neste mercado portugu\u00eas de fabrico de ferramentas com a mesma confian\u00e7a e seriedade como se fossem elas pr\u00f3prias.<\/p>\n\n\n\n<p>Trabalhar com Respeito, Confian\u00e7a e Lealdade, levando \u00e0 melhoria cont\u00ednua e um produto final de sucesso.<\/p>\n<\/div>\n<\/div>\n\n\n\n<div class=\"wp-block-columns alignfull pt is-layout-flex wp-container-core-columns-is-layout-9d6595d7 wp-block-columns-is-layout-flex\">\n<div class=\"wp-block-column contactos is-layout-flow wp-block-column-is-layout-flow\" style=\"flex-basis:48.93617%\">\n<div class=\"wp-block-group pb pl pr maxwidth50 alignright\"><div class=\"wp-block-group__inner-container is-layout-flow wp-block-group-is-layout-flow\">\n<h3 class=\"wp-block-heading\" id=\"conte-nos-sobre-seu-projeto\">Conte-nos sobre seu projeto<\/h3>\n\n\n\n<p>Estamos sempre dispon\u00edveis para qualquer suporte a projetos de moldes.<\/p>\n\n\n\n<p>Diga-nos o que precisa:<\/p>\n\n\n\n<ul class=\"wp-block-list\"><li>suporte no or\u00e7amento e recomenda\u00e7\u00e3o do fabricante adequado para cada aplica\u00e7\u00e3o\/molde.<\/li><li>apoio ao desenho do molde e verifica\u00e7\u00e3o do mesmo<\/li><li>planeamento e otimiza\u00e7\u00e3o no cumprimento do mesmo<\/li><li>controle e seguimento do fabrico do molde<\/li><li>coordena\u00e7\u00e3o com a Planta de Produ\u00e7\u00e3o antes da entrega do molde e respetivo controle dos standards aplicados\u00a0<\/li><\/ul>\n<\/div><\/div>\n\n\n\n<div class=\"wp-block-group pr group-nomargin\"><div class=\"wp-block-group__inner-container is-layout-flow wp-block-group-is-layout-flow\">\n<div class=\"wp-block-cover is-light\"><span aria-hidden=\"true\" class=\"has-background-dim-0 wp-block-cover__gradient-background has-background-dim\"><\/span><img loading=\"lazy\" decoding=\"async\" width=\"1310\" height=\"1080\" class=\"wp-block-cover__image-background wp-image-719\" alt=\"\" src=\"https:\/\/tdscontrol.com\/wp-content\/uploads\/2021\/11\/desenho-3d-molde_1.jpg\" data-object-fit=\"cover\" srcset=\"https:\/\/tdscontrol.com\/wp-content\/uploads\/2021\/11\/desenho-3d-molde_1.jpg 1310w, https:\/\/tdscontrol.com\/wp-content\/uploads\/2021\/11\/desenho-3d-molde_1-1024x844.jpg 1024w, https:\/\/tdscontrol.com\/wp-content\/uploads\/2021\/11\/desenho-3d-molde_1-768x633.jpg 768w\" sizes=\"auto, (max-width: 1310px) 100vw, 1310px\" \/><div class=\"wp-block-cover__inner-container is-layout-flow wp-block-cover-is-layout-flow\">\n<p class=\"has-large-font-size\"><\/p>\n<\/div><\/div>\n<\/div><\/div>\n<\/div>\n\n\n\n<div class=\"wp-block-column pb contactos is-layout-flow wp-block-column-is-layout-flow\" style=\"flex-basis:48.93617%\"><div class=\"wpforms-container wpforms-container-full maxwidth50 alignleft wpforms-block\" id=\"wpforms-174\"><form id=\"wpforms-form-174\" class=\"wpforms-validate wpforms-form wpforms-ajax-form\" data-formid=\"174\" method=\"post\" enctype=\"multipart\/form-data\" action=\"\/pt-pt\/wp-json\/wp\/v2\/pages\/9\" data-token=\"cfa50efe30d062b9ee53eab11efbcf5d\"><noscript class=\"wpforms-error-noscript\">Please enable JavaScript in your browser to complete this form.<\/noscript><div class=\"wpforms-field-container\"><div id=\"wpforms-174-field_0-container\" class=\"wpforms-field wpforms-field-name wpforms-one-half wpforms-first wpforms-mobile-full\" data-field-id=\"0\"><label class=\"wpforms-field-label\" for=\"wpforms-174-field_0\">Nome <span class=\"wpforms-required-label\">*<\/span><\/label><input type=\"text\" id=\"wpforms-174-field_0\" class=\"wpforms-field-large wpforms-field-required\" name=\"wpforms[fields][0]\" required><\/div><div id=\"wpforms-174-field_1-container\" class=\"wpforms-field wpforms-field-email wpforms-one-half wpforms-mobile-full\" data-field-id=\"1\"><label class=\"wpforms-field-label\" for=\"wpforms-174-field_1\">Email <span class=\"wpforms-required-label\">*<\/span><\/label><input type=\"email\" id=\"wpforms-174-field_1\" class=\"wpforms-field-large wpforms-field-required\" name=\"wpforms[fields][1]\" spellcheck=\"false\" required><\/div><div id=\"wpforms-174-field_5-container\" class=\"wpforms-field wpforms-field-select wpforms-one-half wpforms-first wpforms-mobile-full wpforms-field-select-style-classic\" data-field-id=\"5\"><label class=\"wpforms-field-label\" for=\"wpforms-174-field_5\">Assunto <span class=\"wpforms-required-label\">*<\/span><\/label><select id=\"wpforms-174-field_5\" class=\"wpforms-field-large wpforms-field-required\" name=\"wpforms[fields][5]\" required=\"required\"><option value=\"\" class=\"placeholder\" disabled  selected='selected'>Selecione<\/option><option value=\"Quest\u00e3o\" >Quest\u00e3o<\/option><option value=\"Or\u00e7amento\" >Or\u00e7amento<\/option><option value=\"Outro\" >Outro<\/option><\/select><\/div><div id=\"wpforms-174-field_4-container\" class=\"wpforms-field wpforms-field-text wpforms-one-half wpforms-mobile-full\" data-field-id=\"4\"><label class=\"wpforms-field-label\" for=\"wpforms-174-field_4\">Telefone<\/label><input type=\"text\" id=\"wpforms-174-field_4\" class=\"wpforms-field-large\" name=\"wpforms[fields][4]\" ><\/div><div id=\"wpforms-174-field_2-container\" class=\"wpforms-field wpforms-field-textarea\" data-field-id=\"2\"><label class=\"wpforms-field-label\" for=\"wpforms-174-field_2\">Mensagem <span class=\"wpforms-required-label\">*<\/span><\/label><textarea id=\"wpforms-174-field_2\" class=\"wpforms-field-large wpforms-field-required\" name=\"wpforms[fields][2]\" required><\/textarea><\/div><div id=\"wpforms-174-field_6-container\" class=\"wpforms-field wpforms-field-gdpr-checkbox\" data-field-id=\"6\"><label class=\"wpforms-field-label wpforms-label-hide\" for=\"wpforms-174-field_6\">Consentimento GDPR <span class=\"wpforms-required-label\">*<\/span><\/label><ul id=\"wpforms-174-field_6\" class=\"wpforms-field-required\"><li class=\"choice-1\"><input type=\"checkbox\" id=\"wpforms-174-field_6_1\" name=\"wpforms[fields][6][]\" value=\"Consinto que este site armazene as minhas informa\u00e7\u00f5es enviadas para que possam responder \u00e0 minha consulta.\" required ><label class=\"wpforms-field-label-inline\" for=\"wpforms-174-field_6_1\">Consinto que este site armazene as minhas informa\u00e7\u00f5es enviadas para que possam responder \u00e0 minha consulta. <span class=\"wpforms-required-label\">*<\/span><\/label><\/li><\/ul><\/div><\/div><!-- .wpforms-field-container --><div class=\"wpforms-submit-container\" ><input type=\"hidden\" name=\"wpforms[id]\" value=\"174\"><input type=\"hidden\" name=\"wpforms[author]\" value=\"2\"><button type=\"submit\" name=\"wpforms[submit]\" id=\"wpforms-submit-174\" class=\"wpforms-submit\" data-alt-text=\"A enviar...\" data-submit-text=\"Enviar mensagem\" aria-live=\"assertive\" value=\"wpforms-submit\">Enviar mensagem<\/button><img loading=\"lazy\" decoding=\"async\" src=\"https:\/\/tdscontrol.com\/wp-content\/plugins\/wpforms-lite\/assets\/images\/submit-spin.svg\" class=\"wpforms-submit-spinner\" style=\"display: none;\" width=\"26\" height=\"26\" alt=\"Loading\"><\/div><\/form><\/div>  <!-- .wpforms-container --><\/div>\n<\/div>\n","protected":false},"excerpt":{"rendered":"<p>Sobre n\u00f3s A TDS (Tools &amp; Design Solutions) \u00e9 uma empresa totalmente dedicada \u00e0 gest\u00e3o e controle de moldes. Reunimos uma equipa de especialistas nas mais diversas \u00e1reas da confec\u00e7\u00e3o de moldes com uma longa carreira profissional. O profundo conhecimento do mercado de moldes em Portugal permite-nos desenvolver a nossa actividade com grande efici\u00eancia Valores [&hellip;]<\/p>\n","protected":false},"author":2,"featured_media":776,"parent":0,"menu_order":2,"comment_status":"closed","ping_status":"closed","template":"page-headerimg.php","meta":{"footnotes":""},"class_list":["post-9","page","type-page","status-publish","has-post-thumbnail","hentry"],"yoast_head":"<!-- This site is optimized with the Yoast SEO plugin v27.4 - https:\/\/yoast.com\/product\/yoast-seo-wordpress\/ -->\n<title>Sobre N\u00f3s - TDS<\/title>\n<meta name=\"description\" content=\"O profundo conhecimento do mercado de moldes em Portugal permite-nos desenvolver a nossa actividade com grande efici\u00eancia.\" \/>\n<meta name=\"robots\" content=\"index, follow, max-snippet:-1, max-image-preview:large, max-video-preview:-1\" \/>\n<link rel=\"canonical\" href=\"https:\/\/tdscontrol.com\/pt-pt\/sobre-nos\/\" \/>\n<meta property=\"og:locale\" content=\"pt_PT\" \/>\n<meta property=\"og:type\" content=\"article\" \/>\n<meta property=\"og:title\" content=\"Sobre N\u00f3s - TDS\" \/>\n<meta property=\"og:description\" content=\"O profundo conhecimento do mercado de moldes em Portugal permite-nos desenvolver a nossa actividade com grande efici\u00eancia.\" \/>\n<meta property=\"og:url\" content=\"https:\/\/tdscontrol.com\/pt-pt\/sobre-nos\/\" \/>\n<meta property=\"og:site_name\" content=\"TDS\" \/>\n<meta property=\"article:modified_time\" content=\"2022-03-10T09:25:51+00:00\" \/>\n<meta property=\"og:image\" content=\"https:\/\/tdscontrol.com\/wp-content\/uploads\/2022\/02\/injecao_moldes_2.jpg\" \/>\n\t<meta property=\"og:image:width\" content=\"1920\" \/>\n\t<meta property=\"og:image:height\" content=\"1237\" \/>\n\t<meta property=\"og:image:type\" content=\"image\/jpeg\" \/>\n<meta name=\"twitter:card\" content=\"summary_large_image\" \/>\n<meta name=\"twitter:label1\" content=\"Tempo estimado de leitura\" \/>\n\t<meta name=\"twitter:data1\" content=\"2 minutos\" \/>\n<script type=\"application\/ld+json\" class=\"yoast-schema-graph\">{\"@context\":\"https:\\\/\\\/schema.org\",\"@graph\":[{\"@type\":\"WebPage\",\"@id\":\"https:\\\/\\\/tdscontrol.com\\\/pt-pt\\\/sobre-nos\\\/\",\"url\":\"https:\\\/\\\/tdscontrol.com\\\/pt-pt\\\/sobre-nos\\\/\",\"name\":\"Sobre N\u00f3s - TDS\",\"isPartOf\":{\"@id\":\"https:\\\/\\\/tdscontrol.com\\\/#website\"},\"primaryImageOfPage\":{\"@id\":\"https:\\\/\\\/tdscontrol.com\\\/pt-pt\\\/sobre-nos\\\/#primaryimage\"},\"image\":{\"@id\":\"https:\\\/\\\/tdscontrol.com\\\/pt-pt\\\/sobre-nos\\\/#primaryimage\"},\"thumbnailUrl\":\"https:\\\/\\\/tdscontrol.com\\\/wp-content\\\/uploads\\\/2022\\\/02\\\/injecao_moldes_2.jpg\",\"datePublished\":\"2021-10-26T14:08:57+00:00\",\"dateModified\":\"2022-03-10T09:25:51+00:00\",\"description\":\"O profundo conhecimento do mercado de moldes em Portugal permite-nos desenvolver a nossa actividade com grande efici\u00eancia.\",\"breadcrumb\":{\"@id\":\"https:\\\/\\\/tdscontrol.com\\\/pt-pt\\\/sobre-nos\\\/#breadcrumb\"},\"inLanguage\":\"pt-PT\",\"potentialAction\":[{\"@type\":\"ReadAction\",\"target\":[\"https:\\\/\\\/tdscontrol.com\\\/pt-pt\\\/sobre-nos\\\/\"]}]},{\"@type\":\"ImageObject\",\"inLanguage\":\"pt-PT\",\"@id\":\"https:\\\/\\\/tdscontrol.com\\\/pt-pt\\\/sobre-nos\\\/#primaryimage\",\"url\":\"https:\\\/\\\/tdscontrol.com\\\/wp-content\\\/uploads\\\/2022\\\/02\\\/injecao_moldes_2.jpg\",\"contentUrl\":\"https:\\\/\\\/tdscontrol.com\\\/wp-content\\\/uploads\\\/2022\\\/02\\\/injecao_moldes_2.jpg\",\"width\":1920,\"height\":1237,\"caption\":\"Inje\u00e7\u00e3o moldes\"},{\"@type\":\"BreadcrumbList\",\"@id\":\"https:\\\/\\\/tdscontrol.com\\\/pt-pt\\\/sobre-nos\\\/#breadcrumb\",\"itemListElement\":[{\"@type\":\"ListItem\",\"position\":1,\"name\":\"In\u00edcio\",\"item\":\"https:\\\/\\\/tdscontrol.com\\\/pt-pt\\\/\"},{\"@type\":\"ListItem\",\"position\":2,\"name\":\"Sobre N\u00f3s\"}]},{\"@type\":\"WebSite\",\"@id\":\"https:\\\/\\\/tdscontrol.com\\\/#website\",\"url\":\"https:\\\/\\\/tdscontrol.com\\\/\",\"name\":\"TDS\",\"description\":\"Tools &amp; Design Solutions\",\"publisher\":{\"@id\":\"https:\\\/\\\/tdscontrol.com\\\/#organization\"},\"potentialAction\":[{\"@type\":\"SearchAction\",\"target\":{\"@type\":\"EntryPoint\",\"urlTemplate\":\"https:\\\/\\\/tdscontrol.com\\\/?s={search_term_string}\"},\"query-input\":{\"@type\":\"PropertyValueSpecification\",\"valueRequired\":true,\"valueName\":\"search_term_string\"}}],\"inLanguage\":\"pt-PT\"},{\"@type\":\"Organization\",\"@id\":\"https:\\\/\\\/tdscontrol.com\\\/#organization\",\"name\":\"TDS - Tools & Design Solutions\",\"url\":\"https:\\\/\\\/tdscontrol.com\\\/\",\"logo\":{\"@type\":\"ImageObject\",\"inLanguage\":\"pt-PT\",\"@id\":\"https:\\\/\\\/tdscontrol.com\\\/#\\\/schema\\\/logo\\\/image\\\/\",\"url\":\"https:\\\/\\\/tdscontrol.com\\\/wp-content\\\/uploads\\\/2022\\\/03\\\/Logotipo_TDS.jpg\",\"contentUrl\":\"https:\\\/\\\/tdscontrol.com\\\/wp-content\\\/uploads\\\/2022\\\/03\\\/Logotipo_TDS.jpg\",\"width\":768,\"height\":292,\"caption\":\"TDS - Tools & Design Solutions\"},\"image\":{\"@id\":\"https:\\\/\\\/tdscontrol.com\\\/#\\\/schema\\\/logo\\\/image\\\/\"}}]}<\/script>\n<!-- \/ Yoast SEO plugin. -->","yoast_head_json":{"title":"Sobre N\u00f3s - TDS","description":"O profundo conhecimento do mercado de moldes em Portugal permite-nos desenvolver a nossa actividade com grande efici\u00eancia.","robots":{"index":"index","follow":"follow","max-snippet":"max-snippet:-1","max-image-preview":"max-image-preview:large","max-video-preview":"max-video-preview:-1"},"canonical":"https:\/\/tdscontrol.com\/pt-pt\/sobre-nos\/","og_locale":"pt_PT","og_type":"article","og_title":"Sobre N\u00f3s - TDS","og_description":"O profundo conhecimento do mercado de moldes em Portugal permite-nos desenvolver a nossa actividade com grande efici\u00eancia.","og_url":"https:\/\/tdscontrol.com\/pt-pt\/sobre-nos\/","og_site_name":"TDS","article_modified_time":"2022-03-10T09:25:51+00:00","og_image":[{"width":1920,"height":1237,"url":"https:\/\/tdscontrol.com\/wp-content\/uploads\/2022\/02\/injecao_moldes_2.jpg","type":"image\/jpeg"}],"twitter_card":"summary_large_image","twitter_misc":{"Tempo estimado de leitura":"2 minutos"},"schema":{"@context":"https:\/\/schema.org","@graph":[{"@type":"WebPage","@id":"https:\/\/tdscontrol.com\/pt-pt\/sobre-nos\/","url":"https:\/\/tdscontrol.com\/pt-pt\/sobre-nos\/","name":"Sobre N\u00f3s - TDS","isPartOf":{"@id":"https:\/\/tdscontrol.com\/#website"},"primaryImageOfPage":{"@id":"https:\/\/tdscontrol.com\/pt-pt\/sobre-nos\/#primaryimage"},"image":{"@id":"https:\/\/tdscontrol.com\/pt-pt\/sobre-nos\/#primaryimage"},"thumbnailUrl":"https:\/\/tdscontrol.com\/wp-content\/uploads\/2022\/02\/injecao_moldes_2.jpg","datePublished":"2021-10-26T14:08:57+00:00","dateModified":"2022-03-10T09:25:51+00:00","description":"O profundo conhecimento do mercado de moldes em Portugal permite-nos desenvolver a nossa actividade com grande efici\u00eancia.","breadcrumb":{"@id":"https:\/\/tdscontrol.com\/pt-pt\/sobre-nos\/#breadcrumb"},"inLanguage":"pt-PT","potentialAction":[{"@type":"ReadAction","target":["https:\/\/tdscontrol.com\/pt-pt\/sobre-nos\/"]}]},{"@type":"ImageObject","inLanguage":"pt-PT","@id":"https:\/\/tdscontrol.com\/pt-pt\/sobre-nos\/#primaryimage","url":"https:\/\/tdscontrol.com\/wp-content\/uploads\/2022\/02\/injecao_moldes_2.jpg","contentUrl":"https:\/\/tdscontrol.com\/wp-content\/uploads\/2022\/02\/injecao_moldes_2.jpg","width":1920,"height":1237,"caption":"Inje\u00e7\u00e3o moldes"},{"@type":"BreadcrumbList","@id":"https:\/\/tdscontrol.com\/pt-pt\/sobre-nos\/#breadcrumb","itemListElement":[{"@type":"ListItem","position":1,"name":"In\u00edcio","item":"https:\/\/tdscontrol.com\/pt-pt\/"},{"@type":"ListItem","position":2,"name":"Sobre N\u00f3s"}]},{"@type":"WebSite","@id":"https:\/\/tdscontrol.com\/#website","url":"https:\/\/tdscontrol.com\/","name":"TDS","description":"Tools &amp; Design Solutions","publisher":{"@id":"https:\/\/tdscontrol.com\/#organization"},"potentialAction":[{"@type":"SearchAction","target":{"@type":"EntryPoint","urlTemplate":"https:\/\/tdscontrol.com\/?s={search_term_string}"},"query-input":{"@type":"PropertyValueSpecification","valueRequired":true,"valueName":"search_term_string"}}],"inLanguage":"pt-PT"},{"@type":"Organization","@id":"https:\/\/tdscontrol.com\/#organization","name":"TDS - Tools & Design Solutions","url":"https:\/\/tdscontrol.com\/","logo":{"@type":"ImageObject","inLanguage":"pt-PT","@id":"https:\/\/tdscontrol.com\/#\/schema\/logo\/image\/","url":"https:\/\/tdscontrol.com\/wp-content\/uploads\/2022\/03\/Logotipo_TDS.jpg","contentUrl":"https:\/\/tdscontrol.com\/wp-content\/uploads\/2022\/03\/Logotipo_TDS.jpg","width":768,"height":292,"caption":"TDS - Tools & Design Solutions"},"image":{"@id":"https:\/\/tdscontrol.com\/#\/schema\/logo\/image\/"}}]}},"_links":{"self":[{"href":"https:\/\/tdscontrol.com\/pt-pt\/wp-json\/wp\/v2\/pages\/9","targetHints":{"allow":["GET"]}}],"collection":[{"href":"https:\/\/tdscontrol.com\/pt-pt\/wp-json\/wp\/v2\/pages"}],"about":[{"href":"https:\/\/tdscontrol.com\/pt-pt\/wp-json\/wp\/v2\/types\/page"}],"author":[{"embeddable":true,"href":"https:\/\/tdscontrol.com\/pt-pt\/wp-json\/wp\/v2\/users\/2"}],"replies":[{"embeddable":true,"href":"https:\/\/tdscontrol.com\/pt-pt\/wp-json\/wp\/v2\/comments?post=9"}],"version-history":[{"count":115,"href":"https:\/\/tdscontrol.com\/pt-pt\/wp-json\/wp\/v2\/pages\/9\/revisions"}],"predecessor-version":[{"id":803,"href":"https:\/\/tdscontrol.com\/pt-pt\/wp-json\/wp\/v2\/pages\/9\/revisions\/803"}],"wp:featuredmedia":[{"embeddable":true,"href":"https:\/\/tdscontrol.com\/pt-pt\/wp-json\/wp\/v2\/media\/776"}],"wp:attachment":[{"href":"https:\/\/tdscontrol.com\/pt-pt\/wp-json\/wp\/v2\/media?parent=9"}],"curies":[{"name":"wp","href":"https:\/\/api.w.org\/{rel}","templated":true}]}}