{"id":13,"date":"2021-10-26T14:09:15","date_gmt":"2021-10-26T14:09:15","guid":{"rendered":"http:\/\/localhost\/T\/TDS\/Dev\/build\/wordpress\/?page_id=13"},"modified":"2023-06-27T15:48:05","modified_gmt":"2023-06-27T15:48:05","slug":"contactos","status":"publish","type":"page","link":"https:\/\/tdscontrol.com\/pt-pt\/contactos\/","title":{"rendered":"Contactos"},"content":{"rendered":"\n<div class=\"wp-block-columns alignfull is-layout-flex wp-container-core-columns-is-layout-9d6595d7 wp-block-columns-is-layout-flex\">\n<div class=\"wp-block-column lh is-layout-flow wp-block-column-is-layout-flow\" style=\"flex-basis:100%\">\n<iframe src=\"https:\/\/www.google.com\/maps\/embed?pb=!1m18!1m12!1m3!1d3018.6229928500406!2d-8.47283128388586!3d40.83624393794078!2m3!1f0!2f0!3f0!3m2!1i1024!2i768!4f13.1!3m3!1m2!1s0xd23786e56f75db9%3A0x4a97c3162404bf0f!2sR.%20Dr.%20Domingos%20Nunes%20Delgado%2086%2C%20Oliveira%20de%20Azem%C3%A9is!5e0!3m2!1spt-PT!2spt!4v1636099321414!5m2!1spt-PT!2spt\" width=\"100%\" height=\"540\" style=\"border:0;\" allowfullscreen=\"\" loading=\"lazy\"><\/iframe>\n<\/div>\n<\/div>\n\n\n\n<div class=\"wp-block-cover alignfull is-light pt pb\"><span aria-hidden=\"true\" class=\"has-branco-background-color has-background-dim-90 wp-block-cover__gradient-background has-background-dim\"><\/span><img loading=\"lazy\" decoding=\"async\" width=\"1920\" height=\"1075\" class=\"wp-block-cover__image-background wp-image-583\" alt=\"\" src=\"http:\/\/localhost\/T\/TDS\/Dev\/build\/wordpress\/wp-content\/uploads\/2021\/11\/rede-binario.jpg\" data-object-fit=\"cover\" srcset=\"https:\/\/tdscontrol.com\/wp-content\/uploads\/2021\/11\/rede-binario.jpg 1920w, https:\/\/tdscontrol.com\/wp-content\/uploads\/2021\/11\/rede-binario-1024x573.jpg 1024w, https:\/\/tdscontrol.com\/wp-content\/uploads\/2021\/11\/rede-binario-768x430.jpg 768w, https:\/\/tdscontrol.com\/wp-content\/uploads\/2021\/11\/rede-binario-1536x860.jpg 1536w\" sizes=\"auto, (max-width: 1920px) 100vw, 1920px\" \/><div class=\"wp-block-cover__inner-container is-layout-flow wp-block-cover-is-layout-flow\">\n<div class=\"wp-block-columns pl pr is-layout-flex wp-container-core-columns-is-layout-9d6595d7 wp-block-columns-is-layout-flex\">\n<div class=\"wp-block-column is-layout-flow wp-block-column-is-layout-flow\" style=\"flex-basis:50%\">\n<div class=\"wp-block-cover is-light\"><span aria-hidden=\"true\" class=\"has-background-dim-0 wp-block-cover__gradient-background has-background-dim\"><\/span><img loading=\"lazy\" decoding=\"async\" width=\"1920\" height=\"1488\" class=\"wp-block-cover__image-background wp-image-580\" alt=\"Maquina Inje\u00e7\u00e3o de Moldes\" src=\"https:\/\/tdscontrol.com\/wp-content\/uploads\/2021\/11\/maquina-injeccao-moldes.jpg\" data-object-fit=\"cover\" srcset=\"https:\/\/tdscontrol.com\/wp-content\/uploads\/2021\/11\/maquina-injeccao-moldes.jpg 1920w, https:\/\/tdscontrol.com\/wp-content\/uploads\/2021\/11\/maquina-injeccao-moldes-1024x794.jpg 1024w, https:\/\/tdscontrol.com\/wp-content\/uploads\/2021\/11\/maquina-injeccao-moldes-768x595.jpg 768w, https:\/\/tdscontrol.com\/wp-content\/uploads\/2021\/11\/maquina-injeccao-moldes-1536x1190.jpg 1536w\" sizes=\"auto, (max-width: 1920px) 100vw, 1920px\" \/><div class=\"wp-block-cover__inner-container is-layout-flow wp-block-cover-is-layout-flow\">\n<p class=\"has-text-align-center has-large-font-size\"><\/p>\n<\/div><\/div>\n<\/div>\n\n\n\n<div class=\"wp-block-column pt pb is-layout-flow wp-block-column-is-layout-flow\" style=\"flex-basis:50%\">\n<div class=\"wp-block-group pt pb pr pl ml-120 z-positivo has-preto-color has-branco-background-color has-text-color has-background\"><div class=\"wp-block-group__inner-container is-layout-flow wp-block-group-is-layout-flow\">\n<h2 class=\"has-preto-color has-text-color wp-block-heading\">Contactos<\/h2>\n\n\n\n<h4 class=\"has-laranja-color has-text-color wp-block-heading\">E-mail:<\/h4>\n\n\n\n<p><a href=\"mailto:geral@tdscontrol.com\">geral@tdscontrol.com<\/a><\/p>\n\n\n\n<h4 class=\"has-laranja-color has-text-color wp-block-heading\">Telefone:<\/h4>\n\n\n\n<p><a href=\"tel:+351914830323\">+351 914 830 323<\/a><\/p>\n\n\n\n<h4 class=\"has-laranja-color has-text-color wp-block-heading\">Morada:<\/h4>\n\n\n\n<p>Rua Dr. Domingos Nunes Delgado, N\u00ba 86-Cidacos<br>3720-127 Oliveira de Azem\u00e9is | Portugal<\/p>\n<\/div><\/div>\n<\/div>\n<\/div>\n<\/div><\/div>\n\n\n\n<div class=\"wp-block-columns alignfull pt is-layout-flex wp-container-core-columns-is-layout-9d6595d7 wp-block-columns-is-layout-flex\">\n<div class=\"wp-block-column contactos is-layout-flow wp-block-column-is-layout-flow\" style=\"flex-basis:48.93617%\">\n<div class=\"wp-block-group pb pl pr maxwidth50 alignright\"><div class=\"wp-block-group__inner-container is-layout-flow wp-block-group-is-layout-flow\">\n<h3 class=\"wp-block-heading\" id=\"conte-nos-sobre-seu-projeto\">Conte-nos sobre seu projeto<\/h3>\n\n\n\n<p>Estamos sempre dispon\u00edveis para qualquer suporte a projetos de moldes.<\/p>\n\n\n\n<p>Diga-nos o que precisa:<\/p>\n\n\n\n<ul class=\"wp-block-list\"><li>suporte no or\u00e7amento e recomenda\u00e7\u00e3o do fabricante adequado para cada aplica\u00e7\u00e3o\/molde.<\/li><li>apoio ao desenho do molde e verifica\u00e7\u00e3o do mesmo<\/li><li>planeamento e otimiza\u00e7\u00e3o no cumprimento do mesmo<\/li><li>controle e seguimento do fabrico do molde<\/li><li>coordena\u00e7\u00e3o com a Planta de Produ\u00e7\u00e3o antes da entrega do molde e respetivo controle dos standards aplicados\u00a0<\/li><\/ul>\n<\/div><\/div>\n\n\n\n<div class=\"wp-block-group pr group-nomargin\"><div class=\"wp-block-group__inner-container is-layout-flow wp-block-group-is-layout-flow\">\n<div class=\"wp-block-cover is-light\"><span aria-hidden=\"true\" class=\"has-background-dim-0 wp-block-cover__gradient-background has-background-dim\"><\/span><img loading=\"lazy\" decoding=\"async\" width=\"1310\" height=\"1080\" class=\"wp-block-cover__image-background wp-image-719\" alt=\"\" src=\"https:\/\/tdscontrol.com\/wp-content\/uploads\/2021\/11\/desenho-3d-molde_1.jpg\" data-object-fit=\"cover\" srcset=\"https:\/\/tdscontrol.com\/wp-content\/uploads\/2021\/11\/desenho-3d-molde_1.jpg 1310w, https:\/\/tdscontrol.com\/wp-content\/uploads\/2021\/11\/desenho-3d-molde_1-1024x844.jpg 1024w, https:\/\/tdscontrol.com\/wp-content\/uploads\/2021\/11\/desenho-3d-molde_1-768x633.jpg 768w\" sizes=\"auto, (max-width: 1310px) 100vw, 1310px\" \/><div class=\"wp-block-cover__inner-container is-layout-flow wp-block-cover-is-layout-flow\">\n<p class=\"has-large-font-size\"><\/p>\n<\/div><\/div>\n<\/div><\/div>\n<\/div>\n\n\n\n<div class=\"wp-block-column pb contactos is-layout-flow wp-block-column-is-layout-flow\" style=\"flex-basis:48.93617%\"><div class=\"wpforms-container wpforms-container-full maxwidth50 alignleft wpforms-block\" id=\"wpforms-174\"><form id=\"wpforms-form-174\" class=\"wpforms-validate wpforms-form wpforms-ajax-form\" data-formid=\"174\" method=\"post\" enctype=\"multipart\/form-data\" action=\"\/pt-pt\/wp-json\/wp\/v2\/pages\/13\" data-token=\"cfa50efe30d062b9ee53eab11efbcf5d\"><noscript class=\"wpforms-error-noscript\">Please enable JavaScript in your browser to complete this form.<\/noscript><div class=\"wpforms-field-container\"><div id=\"wpforms-174-field_0-container\" class=\"wpforms-field wpforms-field-name wpforms-one-half wpforms-first wpforms-mobile-full\" data-field-id=\"0\"><label class=\"wpforms-field-label\" for=\"wpforms-174-field_0\">Nome <span class=\"wpforms-required-label\">*<\/span><\/label><input type=\"text\" id=\"wpforms-174-field_0\" class=\"wpforms-field-large wpforms-field-required\" name=\"wpforms[fields][0]\" required><\/div><div id=\"wpforms-174-field_1-container\" class=\"wpforms-field wpforms-field-email wpforms-one-half wpforms-mobile-full\" data-field-id=\"1\"><label class=\"wpforms-field-label\" for=\"wpforms-174-field_1\">Email <span class=\"wpforms-required-label\">*<\/span><\/label><input type=\"email\" id=\"wpforms-174-field_1\" class=\"wpforms-field-large wpforms-field-required\" name=\"wpforms[fields][1]\" spellcheck=\"false\" required><\/div><div id=\"wpforms-174-field_5-container\" class=\"wpforms-field wpforms-field-select wpforms-one-half wpforms-first wpforms-mobile-full wpforms-field-select-style-classic\" data-field-id=\"5\"><label class=\"wpforms-field-label\" for=\"wpforms-174-field_5\">Assunto <span class=\"wpforms-required-label\">*<\/span><\/label><select id=\"wpforms-174-field_5\" class=\"wpforms-field-large wpforms-field-required\" name=\"wpforms[fields][5]\" required=\"required\"><option value=\"\" class=\"placeholder\" disabled  selected='selected'>Selecione<\/option><option value=\"Quest\u00e3o\" >Quest\u00e3o<\/option><option value=\"Or\u00e7amento\" >Or\u00e7amento<\/option><option value=\"Outro\" >Outro<\/option><\/select><\/div><div id=\"wpforms-174-field_4-container\" class=\"wpforms-field wpforms-field-text wpforms-one-half wpforms-mobile-full\" data-field-id=\"4\"><label class=\"wpforms-field-label\" for=\"wpforms-174-field_4\">Telefone<\/label><input type=\"text\" id=\"wpforms-174-field_4\" class=\"wpforms-field-large\" name=\"wpforms[fields][4]\" ><\/div><div id=\"wpforms-174-field_2-container\" class=\"wpforms-field wpforms-field-textarea\" data-field-id=\"2\"><label class=\"wpforms-field-label\" for=\"wpforms-174-field_2\">Mensagem <span class=\"wpforms-required-label\">*<\/span><\/label><textarea id=\"wpforms-174-field_2\" class=\"wpforms-field-large wpforms-field-required\" name=\"wpforms[fields][2]\" required><\/textarea><\/div><div id=\"wpforms-174-field_6-container\" class=\"wpforms-field wpforms-field-gdpr-checkbox\" data-field-id=\"6\"><label class=\"wpforms-field-label wpforms-label-hide\" for=\"wpforms-174-field_6\">Consentimento GDPR <span class=\"wpforms-required-label\">*<\/span><\/label><ul id=\"wpforms-174-field_6\" class=\"wpforms-field-required\"><li class=\"choice-1\"><input type=\"checkbox\" id=\"wpforms-174-field_6_1\" name=\"wpforms[fields][6][]\" value=\"Consinto que este site armazene as minhas informa\u00e7\u00f5es enviadas para que possam responder \u00e0 minha consulta.\" required ><label class=\"wpforms-field-label-inline\" for=\"wpforms-174-field_6_1\">Consinto que este site armazene as minhas informa\u00e7\u00f5es enviadas para que possam responder \u00e0 minha consulta. <span class=\"wpforms-required-label\">*<\/span><\/label><\/li><\/ul><\/div><\/div><!-- .wpforms-field-container --><div class=\"wpforms-submit-container\" ><input type=\"hidden\" name=\"wpforms[id]\" value=\"174\"><input type=\"hidden\" name=\"wpforms[author]\" value=\"2\"><button type=\"submit\" name=\"wpforms[submit]\" id=\"wpforms-submit-174\" class=\"wpforms-submit\" data-alt-text=\"A enviar...\" data-submit-text=\"Enviar mensagem\" aria-live=\"assertive\" value=\"wpforms-submit\">Enviar mensagem<\/button><img loading=\"lazy\" decoding=\"async\" src=\"https:\/\/tdscontrol.com\/wp-content\/plugins\/wpforms-lite\/assets\/images\/submit-spin.svg\" class=\"wpforms-submit-spinner\" style=\"display: none;\" width=\"26\" height=\"26\" alt=\"Loading\"><\/div><\/form><\/div>  <!-- .wpforms-container --><\/div>\n<\/div>\n","protected":false},"excerpt":{"rendered":"","protected":false},"author":2,"featured_media":0,"parent":0,"menu_order":4,"comment_status":"closed","ping_status":"closed","template":"page-headerimg.php","meta":{"footnotes":""},"class_list":["post-13","page","type-page","status-publish","hentry"],"yoast_head":"<!-- This site is optimized with the Yoast SEO plugin v27.4 - https:\/\/yoast.com\/product\/yoast-seo-wordpress\/ -->\n<title>Contactos - TDS<\/title>\n<meta name=\"description\" content=\"Na Tools &amp; Design Solutions, estamos sempre dispon\u00edveis para qualquer suporte a projetos de moldes. Diga-nos o que precisa.\" \/>\n<meta name=\"robots\" content=\"index, follow, max-snippet:-1, max-image-preview:large, max-video-preview:-1\" \/>\n<link rel=\"canonical\" href=\"https:\/\/tdscontrol.com\/pt-pt\/contactos\/\" \/>\n<meta property=\"og:locale\" content=\"pt_PT\" \/>\n<meta property=\"og:type\" content=\"article\" \/>\n<meta property=\"og:title\" content=\"Contactos - TDS\" \/>\n<meta property=\"og:description\" content=\"Na Tools &amp; Design Solutions, estamos sempre dispon\u00edveis para qualquer suporte a projetos de moldes. Diga-nos o que precisa.\" \/>\n<meta property=\"og:url\" content=\"https:\/\/tdscontrol.com\/pt-pt\/contactos\/\" \/>\n<meta property=\"og:site_name\" content=\"TDS\" \/>\n<meta property=\"article:modified_time\" content=\"2023-06-27T15:48:05+00:00\" \/>\n<meta property=\"og:image\" content=\"http:\/\/localhost\/T\/TDS\/Dev\/build\/wordpress\/wp-content\/uploads\/2021\/11\/rede-binario.jpg\" \/>\n<meta name=\"twitter:card\" content=\"summary_large_image\" \/>\n<meta name=\"twitter:label1\" content=\"Tempo estimado de leitura\" \/>\n\t<meta name=\"twitter:data1\" content=\"1 minuto\" \/>\n<script type=\"application\/ld+json\" class=\"yoast-schema-graph\">{\"@context\":\"https:\\\/\\\/schema.org\",\"@graph\":[{\"@type\":\"WebPage\",\"@id\":\"https:\\\/\\\/tdscontrol.com\\\/pt-pt\\\/contactos\\\/\",\"url\":\"https:\\\/\\\/tdscontrol.com\\\/pt-pt\\\/contactos\\\/\",\"name\":\"Contactos - TDS\",\"isPartOf\":{\"@id\":\"https:\\\/\\\/tdscontrol.com\\\/#website\"},\"primaryImageOfPage\":{\"@id\":\"https:\\\/\\\/tdscontrol.com\\\/pt-pt\\\/contactos\\\/#primaryimage\"},\"image\":{\"@id\":\"https:\\\/\\\/tdscontrol.com\\\/pt-pt\\\/contactos\\\/#primaryimage\"},\"thumbnailUrl\":\"http:\\\/\\\/localhost\\\/T\\\/TDS\\\/Dev\\\/build\\\/wordpress\\\/wp-content\\\/uploads\\\/2021\\\/11\\\/rede-binario.jpg\",\"datePublished\":\"2021-10-26T14:09:15+00:00\",\"dateModified\":\"2023-06-27T15:48:05+00:00\",\"description\":\"Na Tools & Design Solutions, estamos sempre dispon\u00edveis para qualquer suporte a projetos de moldes. Diga-nos o que precisa.\",\"breadcrumb\":{\"@id\":\"https:\\\/\\\/tdscontrol.com\\\/pt-pt\\\/contactos\\\/#breadcrumb\"},\"inLanguage\":\"pt-PT\",\"potentialAction\":[{\"@type\":\"ReadAction\",\"target\":[\"https:\\\/\\\/tdscontrol.com\\\/pt-pt\\\/contactos\\\/\"]}]},{\"@type\":\"ImageObject\",\"inLanguage\":\"pt-PT\",\"@id\":\"https:\\\/\\\/tdscontrol.com\\\/pt-pt\\\/contactos\\\/#primaryimage\",\"url\":\"http:\\\/\\\/localhost\\\/T\\\/TDS\\\/Dev\\\/build\\\/wordpress\\\/wp-content\\\/uploads\\\/2021\\\/11\\\/rede-binario.jpg\",\"contentUrl\":\"http:\\\/\\\/localhost\\\/T\\\/TDS\\\/Dev\\\/build\\\/wordpress\\\/wp-content\\\/uploads\\\/2021\\\/11\\\/rede-binario.jpg\"},{\"@type\":\"BreadcrumbList\",\"@id\":\"https:\\\/\\\/tdscontrol.com\\\/pt-pt\\\/contactos\\\/#breadcrumb\",\"itemListElement\":[{\"@type\":\"ListItem\",\"position\":1,\"name\":\"In\u00edcio\",\"item\":\"https:\\\/\\\/tdscontrol.com\\\/pt-pt\\\/\"},{\"@type\":\"ListItem\",\"position\":2,\"name\":\"Contactos\"}]},{\"@type\":\"WebSite\",\"@id\":\"https:\\\/\\\/tdscontrol.com\\\/#website\",\"url\":\"https:\\\/\\\/tdscontrol.com\\\/\",\"name\":\"TDS\",\"description\":\"Tools &amp; Design Solutions\",\"publisher\":{\"@id\":\"https:\\\/\\\/tdscontrol.com\\\/#organization\"},\"potentialAction\":[{\"@type\":\"SearchAction\",\"target\":{\"@type\":\"EntryPoint\",\"urlTemplate\":\"https:\\\/\\\/tdscontrol.com\\\/?s={search_term_string}\"},\"query-input\":{\"@type\":\"PropertyValueSpecification\",\"valueRequired\":true,\"valueName\":\"search_term_string\"}}],\"inLanguage\":\"pt-PT\"},{\"@type\":\"Organization\",\"@id\":\"https:\\\/\\\/tdscontrol.com\\\/#organization\",\"name\":\"TDS - Tools & Design Solutions\",\"url\":\"https:\\\/\\\/tdscontrol.com\\\/\",\"logo\":{\"@type\":\"ImageObject\",\"inLanguage\":\"pt-PT\",\"@id\":\"https:\\\/\\\/tdscontrol.com\\\/#\\\/schema\\\/logo\\\/image\\\/\",\"url\":\"https:\\\/\\\/tdscontrol.com\\\/wp-content\\\/uploads\\\/2022\\\/03\\\/Logotipo_TDS.jpg\",\"contentUrl\":\"https:\\\/\\\/tdscontrol.com\\\/wp-content\\\/uploads\\\/2022\\\/03\\\/Logotipo_TDS.jpg\",\"width\":768,\"height\":292,\"caption\":\"TDS - Tools & Design Solutions\"},\"image\":{\"@id\":\"https:\\\/\\\/tdscontrol.com\\\/#\\\/schema\\\/logo\\\/image\\\/\"}}]}<\/script>\n<!-- \/ Yoast SEO plugin. -->","yoast_head_json":{"title":"Contactos - TDS","description":"Na Tools & Design Solutions, estamos sempre dispon\u00edveis para qualquer suporte a projetos de moldes. Diga-nos o que precisa.","robots":{"index":"index","follow":"follow","max-snippet":"max-snippet:-1","max-image-preview":"max-image-preview:large","max-video-preview":"max-video-preview:-1"},"canonical":"https:\/\/tdscontrol.com\/pt-pt\/contactos\/","og_locale":"pt_PT","og_type":"article","og_title":"Contactos - TDS","og_description":"Na Tools & Design Solutions, estamos sempre dispon\u00edveis para qualquer suporte a projetos de moldes. Diga-nos o que precisa.","og_url":"https:\/\/tdscontrol.com\/pt-pt\/contactos\/","og_site_name":"TDS","article_modified_time":"2023-06-27T15:48:05+00:00","og_image":[{"url":"http:\/\/localhost\/T\/TDS\/Dev\/build\/wordpress\/wp-content\/uploads\/2021\/11\/rede-binario.jpg","type":"","width":"","height":""}],"twitter_card":"summary_large_image","twitter_misc":{"Tempo estimado de leitura":"1 minuto"},"schema":{"@context":"https:\/\/schema.org","@graph":[{"@type":"WebPage","@id":"https:\/\/tdscontrol.com\/pt-pt\/contactos\/","url":"https:\/\/tdscontrol.com\/pt-pt\/contactos\/","name":"Contactos - TDS","isPartOf":{"@id":"https:\/\/tdscontrol.com\/#website"},"primaryImageOfPage":{"@id":"https:\/\/tdscontrol.com\/pt-pt\/contactos\/#primaryimage"},"image":{"@id":"https:\/\/tdscontrol.com\/pt-pt\/contactos\/#primaryimage"},"thumbnailUrl":"http:\/\/localhost\/T\/TDS\/Dev\/build\/wordpress\/wp-content\/uploads\/2021\/11\/rede-binario.jpg","datePublished":"2021-10-26T14:09:15+00:00","dateModified":"2023-06-27T15:48:05+00:00","description":"Na Tools & Design Solutions, estamos sempre dispon\u00edveis para qualquer suporte a projetos de moldes. Diga-nos o que precisa.","breadcrumb":{"@id":"https:\/\/tdscontrol.com\/pt-pt\/contactos\/#breadcrumb"},"inLanguage":"pt-PT","potentialAction":[{"@type":"ReadAction","target":["https:\/\/tdscontrol.com\/pt-pt\/contactos\/"]}]},{"@type":"ImageObject","inLanguage":"pt-PT","@id":"https:\/\/tdscontrol.com\/pt-pt\/contactos\/#primaryimage","url":"http:\/\/localhost\/T\/TDS\/Dev\/build\/wordpress\/wp-content\/uploads\/2021\/11\/rede-binario.jpg","contentUrl":"http:\/\/localhost\/T\/TDS\/Dev\/build\/wordpress\/wp-content\/uploads\/2021\/11\/rede-binario.jpg"},{"@type":"BreadcrumbList","@id":"https:\/\/tdscontrol.com\/pt-pt\/contactos\/#breadcrumb","itemListElement":[{"@type":"ListItem","position":1,"name":"In\u00edcio","item":"https:\/\/tdscontrol.com\/pt-pt\/"},{"@type":"ListItem","position":2,"name":"Contactos"}]},{"@type":"WebSite","@id":"https:\/\/tdscontrol.com\/#website","url":"https:\/\/tdscontrol.com\/","name":"TDS","description":"Tools &amp; Design Solutions","publisher":{"@id":"https:\/\/tdscontrol.com\/#organization"},"potentialAction":[{"@type":"SearchAction","target":{"@type":"EntryPoint","urlTemplate":"https:\/\/tdscontrol.com\/?s={search_term_string}"},"query-input":{"@type":"PropertyValueSpecification","valueRequired":true,"valueName":"search_term_string"}}],"inLanguage":"pt-PT"},{"@type":"Organization","@id":"https:\/\/tdscontrol.com\/#organization","name":"TDS - Tools & Design Solutions","url":"https:\/\/tdscontrol.com\/","logo":{"@type":"ImageObject","inLanguage":"pt-PT","@id":"https:\/\/tdscontrol.com\/#\/schema\/logo\/image\/","url":"https:\/\/tdscontrol.com\/wp-content\/uploads\/2022\/03\/Logotipo_TDS.jpg","contentUrl":"https:\/\/tdscontrol.com\/wp-content\/uploads\/2022\/03\/Logotipo_TDS.jpg","width":768,"height":292,"caption":"TDS - Tools & Design Solutions"},"image":{"@id":"https:\/\/tdscontrol.com\/#\/schema\/logo\/image\/"}}]}},"_links":{"self":[{"href":"https:\/\/tdscontrol.com\/pt-pt\/wp-json\/wp\/v2\/pages\/13","targetHints":{"allow":["GET"]}}],"collection":[{"href":"https:\/\/tdscontrol.com\/pt-pt\/wp-json\/wp\/v2\/pages"}],"about":[{"href":"https:\/\/tdscontrol.com\/pt-pt\/wp-json\/wp\/v2\/types\/page"}],"author":[{"embeddable":true,"href":"https:\/\/tdscontrol.com\/pt-pt\/wp-json\/wp\/v2\/users\/2"}],"replies":[{"embeddable":true,"href":"https:\/\/tdscontrol.com\/pt-pt\/wp-json\/wp\/v2\/comments?post=13"}],"version-history":[{"count":42,"href":"https:\/\/tdscontrol.com\/pt-pt\/wp-json\/wp\/v2\/pages\/13\/revisions"}],"predecessor-version":[{"id":859,"href":"https:\/\/tdscontrol.com\/pt-pt\/wp-json\/wp\/v2\/pages\/13\/revisions\/859"}],"wp:attachment":[{"href":"https:\/\/tdscontrol.com\/pt-pt\/wp-json\/wp\/v2\/media?parent=13"}],"curies":[{"name":"wp","href":"https:\/\/api.w.org\/{rel}","templated":true}]}}