{"id":11,"date":"2021-10-26T14:09:06","date_gmt":"2021-10-26T14:09:06","guid":{"rendered":"http:\/\/localhost\/T\/TDS\/Dev\/build\/wordpress\/?page_id=11"},"modified":"2022-03-10T09:30:46","modified_gmt":"2022-03-10T09:30:46","slug":"servicos","status":"publish","type":"page","link":"https:\/\/tdscontrol.com\/pt-pt\/servicos\/","title":{"rendered":"Servi\u00e7os"},"content":{"rendered":"\n<div class=\"wp-block-columns is-layout-flex wp-container-core-columns-is-layout-9d6595d7 wp-block-columns-is-layout-flex\">\n<div class=\"wp-block-column pt is-layout-flow wp-block-column-is-layout-flow\" style=\"flex-basis:57.446809%\">\n<h2 class=\"pr pl wp-block-heading\" id=\"o-que-fazemos\">O que fazemos<\/h2>\n\n\n\n<p class=\"pr pl\">A TDS (Tools &amp; Design Solutions) \u00e9 uma empresa totalmente dedicada \u00e0 gest\u00e3o e controle de moldes. Reunimos uma equipa de especialistas nas mais diversas \u00e1reas da confec\u00e7\u00e3o de moldes com uma longa carreira profissional.<\/p>\n\n\n\n<p class=\"pr pl\">O profundo conhecimento do mercado de moldes em Portugal permite-nos desenvolver a nossa actividade com grande efici\u00eancia<\/p>\n\n\n\n<div class=\"wp-block-columns pt is-layout-flex wp-container-core-columns-is-layout-9d6595d7 wp-block-columns-is-layout-flex\">\n<div class=\"wp-block-column is-layout-flow wp-block-column-is-layout-flow\" style=\"flex-basis:25.925926%\">\n<figure class=\"wp-block-image size-thumbnail\"><img loading=\"lazy\" decoding=\"async\" width=\"250\" height=\"250\" src=\"https:\/\/tdscontrol.com\/wp-content\/uploads\/2022\/02\/porta-dereitaa-250x250.jpg\" alt=\"\" class=\"wp-image-728\"\/><\/figure>\n<\/div>\n\n\n\n<div class=\"wp-block-column is-layout-flow wp-block-column-is-layout-flow\" style=\"flex-basis:40.740741%\">\n<figure class=\"wp-block-image size-medium mr-50p\"><img loading=\"lazy\" decoding=\"async\" width=\"427\" height=\"540\" src=\"https:\/\/tdscontrol.com\/wp-content\/uploads\/2021\/11\/porta-esquerda1-427x540.jpg\" alt=\"\" class=\"wp-image-353\"\/><\/figure>\n<\/div>\n\n\n\n<div class=\"wp-block-column is-layout-flow wp-block-column-is-layout-flow\" style=\"flex-basis:25.925926%\">\n<figure class=\"wp-block-image size-thumbnail\"><img loading=\"lazy\" decoding=\"async\" width=\"250\" height=\"250\" src=\"https:\/\/tdscontrol.com\/wp-content\/uploads\/2022\/02\/porta-esquerda2a-250x250.jpg\" alt=\"\" class=\"wp-image-733\"\/><\/figure>\n<\/div>\n<\/div>\n<\/div>\n\n\n\n<div class=\"wp-block-column is-layout-flow wp-block-column-is-layout-flow\" style=\"flex-basis:40.425532%\">\n<div class=\"wp-block-cover\"><span aria-hidden=\"true\" class=\"has-background-dim-0 wp-block-cover__gradient-background has-background-dim\"><\/span><img loading=\"lazy\" decoding=\"async\" width=\"1140\" height=\"709\" class=\"wp-block-cover__image-background wp-image-339\" alt=\"\" src=\"https:\/\/tdscontrol.com\/wp-content\/uploads\/2021\/11\/farol-pisca.jpg\" data-object-fit=\"cover\" srcset=\"https:\/\/tdscontrol.com\/wp-content\/uploads\/2021\/11\/farol-pisca.jpg 1140w, https:\/\/tdscontrol.com\/wp-content\/uploads\/2021\/11\/farol-pisca-1024x637.jpg 1024w, https:\/\/tdscontrol.com\/wp-content\/uploads\/2021\/11\/farol-pisca-768x478.jpg 768w\" sizes=\"auto, (max-width: 1140px) 100vw, 1140px\" \/><div class=\"wp-block-cover__inner-container is-layout-flow wp-block-cover-is-layout-flow\">\n<p class=\"has-text-align-center has-large-font-size\"><\/p>\n<\/div><\/div>\n<\/div>\n<\/div>\n\n\n\n<div class=\"wp-block-columns pb is-layout-flex wp-container-core-columns-is-layout-9d6595d7 wp-block-columns-is-layout-flex\">\n<div class=\"wp-block-column is-layout-flow wp-block-column-is-layout-flow\" style=\"flex-basis:14.893617%\"><\/div>\n\n\n\n<div class=\"wp-block-column is-layout-flow wp-block-column-is-layout-flow\" style=\"flex-basis:40.425553%\">\n<h4 class=\"pt pr wp-block-heading\" id=\"fornecer-orcamentos-de-diferentes-fabricantes-de-moldes-assistencia-para-escolher-o-fabricante-de-moldes-adequado-para-cada-peca\">Fornecer or\u00e7amentos de diferentes fabricantes de moldes + assist\u00eancia para escolher o fabricante de moldes adequado para cada pe\u00e7a<\/h4>\n<\/div>\n\n\n\n<div class=\"wp-block-column is-layout-flow wp-block-column-is-layout-flow\" style=\"flex-basis:40.425553%\"><\/div>\n<\/div>\n\n\n\n<div class=\"wp-block-group alignfull pb has-areia-background-color has-background\"><div class=\"wp-block-group__inner-container is-layout-flow wp-block-group-is-layout-flow\">\n<div class=\"wp-block-columns is-layout-flex wp-container-core-columns-is-layout-9d6595d7 wp-block-columns-is-layout-flex\">\n<div class=\"wp-block-column pt is-layout-flow wp-block-column-is-layout-flow\" style=\"flex-basis:23.404255%\">\n<h2 class=\"wp-block-heading\" id=\"servicos\">Servi\u00e7os<\/h2>\n\n\n\n<ul class=\"lista-servicos wp-block-list\"><li>Acompanhamento desde o Or\u00e7amento e verifica\u00e7\u00e3o do Preliminar at\u00e9 a entrega do molde na Planta de Produ\u00e7\u00e3o final.<\/li><li>Projeto de moldes. Projeto + Revis\u00e3o de projeto com os fabricantes + Verifica\u00e7\u00e3o dos standards da Planta de Produ\u00e7\u00e3o<\/li><li>Planeamento do fabrico do molde + respetivo controle e otimiza\u00e7\u00e3o do mesmo, se requisitado<\/li><li>Controle e seguimento do fabrico do molde<\/li><li>Assist\u00eancia nos ensaios + relat\u00f3rios<\/li><li>Acompanhamento das Corre\u00e7\u00f5es<\/li><li>Acompanhamento das Modifica\u00e7\u00f5es<\/li><li>Controle do processo de textura + acompanhamento no fornecedor<\/li><li>Controle dos standards + prepara\u00e7\u00e3o para entrega<\/li><li>Dossi\u00eas t\u00e9cnicos e documenta\u00e7\u00e3o do molde<\/li><\/ul>\n<\/div>\n\n\n\n<div class=\"wp-block-column is-layout-flow wp-block-column-is-layout-flow\" style=\"flex-basis:57.446808510638%\">\n<figure class=\"wp-block-image size-large\"><img loading=\"lazy\" decoding=\"async\" width=\"1024\" height=\"699\" src=\"https:\/\/tdscontrol.com\/wp-content\/uploads\/2021\/11\/porta-esquerda2-1024x699.jpg\" alt=\"\" class=\"wp-image-348\" srcset=\"https:\/\/tdscontrol.com\/wp-content\/uploads\/2021\/11\/porta-esquerda2-1024x699.jpg 1024w, https:\/\/tdscontrol.com\/wp-content\/uploads\/2021\/11\/porta-esquerda2-768x524.jpg 768w, https:\/\/tdscontrol.com\/wp-content\/uploads\/2021\/11\/porta-esquerda2.jpg 1114w\" sizes=\"auto, (max-width: 1024px) 100vw, 1024px\" \/><\/figure>\n<\/div>\n\n\n\n<div class=\"wp-block-column pt is-layout-flow wp-block-column-is-layout-flow\" style=\"flex-basis:6.382978723404%\"><\/div>\n<\/div>\n<\/div><\/div>\n\n\n\n<figure class=\"wp-block-image size-full pt\"><img loading=\"lazy\" decoding=\"async\" width=\"1410\" height=\"785\" src=\"https:\/\/tdscontrol.com\/wp-content\/uploads\/2022\/03\/mosaico.jpg\" alt=\"\" class=\"wp-image-831\" srcset=\"https:\/\/tdscontrol.com\/wp-content\/uploads\/2022\/03\/mosaico.jpg 1410w, https:\/\/tdscontrol.com\/wp-content\/uploads\/2022\/03\/mosaico-1024x570.jpg 1024w, https:\/\/tdscontrol.com\/wp-content\/uploads\/2022\/03\/mosaico-768x428.jpg 768w\" sizes=\"auto, (max-width: 1410px) 100vw, 1410px\" \/><\/figure>\n\n\n\n<div class=\"wp-block-columns alignfull pt is-layout-flex wp-container-core-columns-is-layout-9d6595d7 wp-block-columns-is-layout-flex\">\n<div class=\"wp-block-column contactos is-layout-flow wp-block-column-is-layout-flow\" style=\"flex-basis:48.93617%\">\n<div class=\"wp-block-group pb pl pr maxwidth50 alignright\"><div class=\"wp-block-group__inner-container is-layout-flow wp-block-group-is-layout-flow\">\n<h3 class=\"wp-block-heading\" id=\"conte-nos-sobre-seu-projeto\">Conte-nos sobre seu projeto<\/h3>\n\n\n\n<p>Estamos sempre dispon\u00edveis para qualquer suporte a projetos de moldes.<\/p>\n\n\n\n<p>Diga-nos o que precisa:<\/p>\n\n\n\n<ul class=\"wp-block-list\"><li>suporte no or\u00e7amento e recomenda\u00e7\u00e3o do fabricante adequado para cada aplica\u00e7\u00e3o\/molde.<\/li><li>apoio ao desenho do molde e verifica\u00e7\u00e3o do mesmo<\/li><li>planeamento e otimiza\u00e7\u00e3o no cumprimento do mesmo<\/li><li>controle e seguimento do fabrico do molde<\/li><li>coordena\u00e7\u00e3o com a Planta de Produ\u00e7\u00e3o antes da entrega do molde e respetivo controle dos standards aplicados\u00a0<\/li><\/ul>\n<\/div><\/div>\n\n\n\n<div class=\"wp-block-group pr group-nomargin\"><div class=\"wp-block-group__inner-container is-layout-flow wp-block-group-is-layout-flow\">\n<div class=\"wp-block-cover is-light\"><span aria-hidden=\"true\" class=\"has-background-dim-0 wp-block-cover__gradient-background has-background-dim\"><\/span><img loading=\"lazy\" decoding=\"async\" width=\"1310\" height=\"1080\" class=\"wp-block-cover__image-background wp-image-719\" alt=\"\" src=\"https:\/\/tdscontrol.com\/wp-content\/uploads\/2021\/11\/desenho-3d-molde_1.jpg\" data-object-fit=\"cover\" srcset=\"https:\/\/tdscontrol.com\/wp-content\/uploads\/2021\/11\/desenho-3d-molde_1.jpg 1310w, https:\/\/tdscontrol.com\/wp-content\/uploads\/2021\/11\/desenho-3d-molde_1-1024x844.jpg 1024w, https:\/\/tdscontrol.com\/wp-content\/uploads\/2021\/11\/desenho-3d-molde_1-768x633.jpg 768w\" sizes=\"auto, (max-width: 1310px) 100vw, 1310px\" \/><div class=\"wp-block-cover__inner-container is-layout-flow wp-block-cover-is-layout-flow\">\n<p class=\"has-large-font-size\"><\/p>\n<\/div><\/div>\n<\/div><\/div>\n<\/div>\n\n\n\n<div class=\"wp-block-column pb contactos is-layout-flow wp-block-column-is-layout-flow\" style=\"flex-basis:48.93617%\"><div class=\"wpforms-container wpforms-container-full maxwidth50 alignleft wpforms-block\" id=\"wpforms-174\"><form id=\"wpforms-form-174\" class=\"wpforms-validate wpforms-form wpforms-ajax-form\" data-formid=\"174\" method=\"post\" enctype=\"multipart\/form-data\" action=\"\/pt-pt\/wp-json\/wp\/v2\/pages\/11\" data-token=\"cfa50efe30d062b9ee53eab11efbcf5d\"><noscript class=\"wpforms-error-noscript\">Please enable JavaScript in your browser to complete this form.<\/noscript><div class=\"wpforms-field-container\"><div id=\"wpforms-174-field_0-container\" class=\"wpforms-field wpforms-field-name wpforms-one-half wpforms-first wpforms-mobile-full\" data-field-id=\"0\"><label class=\"wpforms-field-label\" for=\"wpforms-174-field_0\">Nome <span class=\"wpforms-required-label\">*<\/span><\/label><input type=\"text\" id=\"wpforms-174-field_0\" class=\"wpforms-field-large wpforms-field-required\" name=\"wpforms[fields][0]\" required><\/div><div id=\"wpforms-174-field_1-container\" class=\"wpforms-field wpforms-field-email wpforms-one-half wpforms-mobile-full\" data-field-id=\"1\"><label class=\"wpforms-field-label\" for=\"wpforms-174-field_1\">Email <span class=\"wpforms-required-label\">*<\/span><\/label><input type=\"email\" id=\"wpforms-174-field_1\" class=\"wpforms-field-large wpforms-field-required\" name=\"wpforms[fields][1]\" spellcheck=\"false\" required><\/div><div id=\"wpforms-174-field_5-container\" class=\"wpforms-field wpforms-field-select wpforms-one-half wpforms-first wpforms-mobile-full wpforms-field-select-style-classic\" data-field-id=\"5\"><label class=\"wpforms-field-label\" for=\"wpforms-174-field_5\">Assunto <span class=\"wpforms-required-label\">*<\/span><\/label><select id=\"wpforms-174-field_5\" class=\"wpforms-field-large wpforms-field-required\" name=\"wpforms[fields][5]\" required=\"required\"><option value=\"\" class=\"placeholder\" disabled  selected='selected'>Selecione<\/option><option value=\"Quest\u00e3o\" >Quest\u00e3o<\/option><option value=\"Or\u00e7amento\" >Or\u00e7amento<\/option><option value=\"Outro\" >Outro<\/option><\/select><\/div><div id=\"wpforms-174-field_4-container\" class=\"wpforms-field wpforms-field-text wpforms-one-half wpforms-mobile-full\" data-field-id=\"4\"><label class=\"wpforms-field-label\" for=\"wpforms-174-field_4\">Telefone<\/label><input type=\"text\" id=\"wpforms-174-field_4\" class=\"wpforms-field-large\" name=\"wpforms[fields][4]\" ><\/div><div id=\"wpforms-174-field_2-container\" class=\"wpforms-field wpforms-field-textarea\" data-field-id=\"2\"><label class=\"wpforms-field-label\" for=\"wpforms-174-field_2\">Mensagem <span class=\"wpforms-required-label\">*<\/span><\/label><textarea id=\"wpforms-174-field_2\" class=\"wpforms-field-large wpforms-field-required\" name=\"wpforms[fields][2]\" required><\/textarea><\/div><div id=\"wpforms-174-field_6-container\" class=\"wpforms-field wpforms-field-gdpr-checkbox\" data-field-id=\"6\"><label class=\"wpforms-field-label wpforms-label-hide\" for=\"wpforms-174-field_6\">Consentimento GDPR <span class=\"wpforms-required-label\">*<\/span><\/label><ul id=\"wpforms-174-field_6\" class=\"wpforms-field-required\"><li class=\"choice-1\"><input type=\"checkbox\" id=\"wpforms-174-field_6_1\" name=\"wpforms[fields][6][]\" value=\"Consinto que este site armazene as minhas informa\u00e7\u00f5es enviadas para que possam responder \u00e0 minha consulta.\" required ><label class=\"wpforms-field-label-inline\" for=\"wpforms-174-field_6_1\">Consinto que este site armazene as minhas informa\u00e7\u00f5es enviadas para que possam responder \u00e0 minha consulta. <span class=\"wpforms-required-label\">*<\/span><\/label><\/li><\/ul><\/div><\/div><!-- .wpforms-field-container --><div class=\"wpforms-submit-container\" ><input type=\"hidden\" name=\"wpforms[id]\" value=\"174\"><input type=\"hidden\" name=\"wpforms[author]\" value=\"2\"><button type=\"submit\" name=\"wpforms[submit]\" id=\"wpforms-submit-174\" class=\"wpforms-submit\" data-alt-text=\"A enviar...\" data-submit-text=\"Enviar mensagem\" aria-live=\"assertive\" value=\"wpforms-submit\">Enviar mensagem<\/button><img loading=\"lazy\" decoding=\"async\" src=\"https:\/\/tdscontrol.com\/wp-content\/plugins\/wpforms-lite\/assets\/images\/submit-spin.svg\" class=\"wpforms-submit-spinner\" style=\"display: none;\" width=\"26\" height=\"26\" alt=\"Loading\"><\/div><\/form><\/div>  <!-- .wpforms-container --><\/div>\n<\/div>\n","protected":false},"excerpt":{"rendered":"<p>O que fazemos A TDS (Tools &amp; Design Solutions) \u00e9 uma empresa totalmente dedicada \u00e0 gest\u00e3o e controle de moldes. Reunimos uma equipa de especialistas nas mais diversas \u00e1reas da confec\u00e7\u00e3o de moldes com uma longa carreira profissional. O profundo conhecimento do mercado de moldes em Portugal permite-nos desenvolver a nossa actividade com grande efici\u00eancia [&hellip;]<\/p>\n","protected":false},"author":2,"featured_media":726,"parent":0,"menu_order":3,"comment_status":"closed","ping_status":"closed","template":"page-headerimg.php","meta":{"footnotes":""},"class_list":["post-11","page","type-page","status-publish","has-post-thumbnail","hentry"],"yoast_head":"<!-- This site is optimized with the Yoast SEO plugin v27.4 - https:\/\/yoast.com\/product\/yoast-seo-wordpress\/ -->\n<title>Servi\u00e7os - TDS<\/title>\n<meta name=\"description\" content=\"TDS - Tools &amp; Design Solutions fornece or\u00e7amentos de diferentes fabricantes de moldes + assist\u00eancia para escolher o fabricante de moldes.\" \/>\n<meta name=\"robots\" content=\"index, follow, max-snippet:-1, max-image-preview:large, max-video-preview:-1\" \/>\n<link rel=\"canonical\" href=\"https:\/\/tdscontrol.com\/pt-pt\/servicos\/\" \/>\n<meta property=\"og:locale\" content=\"pt_PT\" \/>\n<meta property=\"og:type\" content=\"article\" \/>\n<meta property=\"og:title\" content=\"Servi\u00e7os - TDS\" \/>\n<meta property=\"og:description\" content=\"TDS - Tools &amp; Design Solutions fornece or\u00e7amentos de diferentes fabricantes de moldes + assist\u00eancia para escolher o fabricante de moldes.\" \/>\n<meta property=\"og:url\" content=\"https:\/\/tdscontrol.com\/pt-pt\/servicos\/\" \/>\n<meta property=\"og:site_name\" content=\"TDS\" \/>\n<meta property=\"article:modified_time\" content=\"2022-03-10T09:30:46+00:00\" \/>\n<meta property=\"og:image\" content=\"https:\/\/tdscontrol.com\/wp-content\/uploads\/2022\/02\/maquina-injeccao-garrafas.jpg\" \/>\n\t<meta property=\"og:image:width\" content=\"1920\" \/>\n\t<meta property=\"og:image:height\" content=\"1282\" \/>\n\t<meta property=\"og:image:type\" content=\"image\/jpeg\" \/>\n<meta name=\"twitter:card\" content=\"summary_large_image\" \/>\n<meta name=\"twitter:label1\" content=\"Tempo estimado de leitura\" \/>\n\t<meta name=\"twitter:data1\" content=\"3 minutos\" \/>\n<script type=\"application\/ld+json\" class=\"yoast-schema-graph\">{\"@context\":\"https:\\\/\\\/schema.org\",\"@graph\":[{\"@type\":\"WebPage\",\"@id\":\"https:\\\/\\\/tdscontrol.com\\\/pt-pt\\\/servicos\\\/\",\"url\":\"https:\\\/\\\/tdscontrol.com\\\/pt-pt\\\/servicos\\\/\",\"name\":\"Servi\u00e7os - TDS\",\"isPartOf\":{\"@id\":\"https:\\\/\\\/tdscontrol.com\\\/#website\"},\"primaryImageOfPage\":{\"@id\":\"https:\\\/\\\/tdscontrol.com\\\/pt-pt\\\/servicos\\\/#primaryimage\"},\"image\":{\"@id\":\"https:\\\/\\\/tdscontrol.com\\\/pt-pt\\\/servicos\\\/#primaryimage\"},\"thumbnailUrl\":\"https:\\\/\\\/tdscontrol.com\\\/wp-content\\\/uploads\\\/2022\\\/02\\\/maquina-injeccao-garrafas.jpg\",\"datePublished\":\"2021-10-26T14:09:06+00:00\",\"dateModified\":\"2022-03-10T09:30:46+00:00\",\"description\":\"TDS - Tools & Design Solutions fornece or\u00e7amentos de diferentes fabricantes de moldes + assist\u00eancia para escolher o fabricante de moldes.\",\"breadcrumb\":{\"@id\":\"https:\\\/\\\/tdscontrol.com\\\/pt-pt\\\/servicos\\\/#breadcrumb\"},\"inLanguage\":\"pt-PT\",\"potentialAction\":[{\"@type\":\"ReadAction\",\"target\":[\"https:\\\/\\\/tdscontrol.com\\\/pt-pt\\\/servicos\\\/\"]}]},{\"@type\":\"ImageObject\",\"inLanguage\":\"pt-PT\",\"@id\":\"https:\\\/\\\/tdscontrol.com\\\/pt-pt\\\/servicos\\\/#primaryimage\",\"url\":\"https:\\\/\\\/tdscontrol.com\\\/wp-content\\\/uploads\\\/2022\\\/02\\\/maquina-injeccao-garrafas.jpg\",\"contentUrl\":\"https:\\\/\\\/tdscontrol.com\\\/wp-content\\\/uploads\\\/2022\\\/02\\\/maquina-injeccao-garrafas.jpg\",\"width\":1920,\"height\":1282,\"caption\":\"M\u00e1quina Inje\u00e7\u00e3o de Garrafas pl\u00e1stico\"},{\"@type\":\"BreadcrumbList\",\"@id\":\"https:\\\/\\\/tdscontrol.com\\\/pt-pt\\\/servicos\\\/#breadcrumb\",\"itemListElement\":[{\"@type\":\"ListItem\",\"position\":1,\"name\":\"In\u00edcio\",\"item\":\"https:\\\/\\\/tdscontrol.com\\\/pt-pt\\\/\"},{\"@type\":\"ListItem\",\"position\":2,\"name\":\"Servi\u00e7os\"}]},{\"@type\":\"WebSite\",\"@id\":\"https:\\\/\\\/tdscontrol.com\\\/#website\",\"url\":\"https:\\\/\\\/tdscontrol.com\\\/\",\"name\":\"TDS\",\"description\":\"Tools &amp; Design Solutions\",\"publisher\":{\"@id\":\"https:\\\/\\\/tdscontrol.com\\\/#organization\"},\"potentialAction\":[{\"@type\":\"SearchAction\",\"target\":{\"@type\":\"EntryPoint\",\"urlTemplate\":\"https:\\\/\\\/tdscontrol.com\\\/?s={search_term_string}\"},\"query-input\":{\"@type\":\"PropertyValueSpecification\",\"valueRequired\":true,\"valueName\":\"search_term_string\"}}],\"inLanguage\":\"pt-PT\"},{\"@type\":\"Organization\",\"@id\":\"https:\\\/\\\/tdscontrol.com\\\/#organization\",\"name\":\"TDS - Tools & Design Solutions\",\"url\":\"https:\\\/\\\/tdscontrol.com\\\/\",\"logo\":{\"@type\":\"ImageObject\",\"inLanguage\":\"pt-PT\",\"@id\":\"https:\\\/\\\/tdscontrol.com\\\/#\\\/schema\\\/logo\\\/image\\\/\",\"url\":\"https:\\\/\\\/tdscontrol.com\\\/wp-content\\\/uploads\\\/2022\\\/03\\\/Logotipo_TDS.jpg\",\"contentUrl\":\"https:\\\/\\\/tdscontrol.com\\\/wp-content\\\/uploads\\\/2022\\\/03\\\/Logotipo_TDS.jpg\",\"width\":768,\"height\":292,\"caption\":\"TDS - Tools & Design Solutions\"},\"image\":{\"@id\":\"https:\\\/\\\/tdscontrol.com\\\/#\\\/schema\\\/logo\\\/image\\\/\"}}]}<\/script>\n<!-- \/ Yoast SEO plugin. -->","yoast_head_json":{"title":"Servi\u00e7os - TDS","description":"TDS - Tools & Design Solutions fornece or\u00e7amentos de diferentes fabricantes de moldes + assist\u00eancia para escolher o fabricante de moldes.","robots":{"index":"index","follow":"follow","max-snippet":"max-snippet:-1","max-image-preview":"max-image-preview:large","max-video-preview":"max-video-preview:-1"},"canonical":"https:\/\/tdscontrol.com\/pt-pt\/servicos\/","og_locale":"pt_PT","og_type":"article","og_title":"Servi\u00e7os - TDS","og_description":"TDS - Tools & Design Solutions fornece or\u00e7amentos de diferentes fabricantes de moldes + assist\u00eancia para escolher o fabricante de moldes.","og_url":"https:\/\/tdscontrol.com\/pt-pt\/servicos\/","og_site_name":"TDS","article_modified_time":"2022-03-10T09:30:46+00:00","og_image":[{"width":1920,"height":1282,"url":"https:\/\/tdscontrol.com\/wp-content\/uploads\/2022\/02\/maquina-injeccao-garrafas.jpg","type":"image\/jpeg"}],"twitter_card":"summary_large_image","twitter_misc":{"Tempo estimado de leitura":"3 minutos"},"schema":{"@context":"https:\/\/schema.org","@graph":[{"@type":"WebPage","@id":"https:\/\/tdscontrol.com\/pt-pt\/servicos\/","url":"https:\/\/tdscontrol.com\/pt-pt\/servicos\/","name":"Servi\u00e7os - TDS","isPartOf":{"@id":"https:\/\/tdscontrol.com\/#website"},"primaryImageOfPage":{"@id":"https:\/\/tdscontrol.com\/pt-pt\/servicos\/#primaryimage"},"image":{"@id":"https:\/\/tdscontrol.com\/pt-pt\/servicos\/#primaryimage"},"thumbnailUrl":"https:\/\/tdscontrol.com\/wp-content\/uploads\/2022\/02\/maquina-injeccao-garrafas.jpg","datePublished":"2021-10-26T14:09:06+00:00","dateModified":"2022-03-10T09:30:46+00:00","description":"TDS - Tools & Design Solutions fornece or\u00e7amentos de diferentes fabricantes de moldes + assist\u00eancia para escolher o fabricante de moldes.","breadcrumb":{"@id":"https:\/\/tdscontrol.com\/pt-pt\/servicos\/#breadcrumb"},"inLanguage":"pt-PT","potentialAction":[{"@type":"ReadAction","target":["https:\/\/tdscontrol.com\/pt-pt\/servicos\/"]}]},{"@type":"ImageObject","inLanguage":"pt-PT","@id":"https:\/\/tdscontrol.com\/pt-pt\/servicos\/#primaryimage","url":"https:\/\/tdscontrol.com\/wp-content\/uploads\/2022\/02\/maquina-injeccao-garrafas.jpg","contentUrl":"https:\/\/tdscontrol.com\/wp-content\/uploads\/2022\/02\/maquina-injeccao-garrafas.jpg","width":1920,"height":1282,"caption":"M\u00e1quina Inje\u00e7\u00e3o de Garrafas pl\u00e1stico"},{"@type":"BreadcrumbList","@id":"https:\/\/tdscontrol.com\/pt-pt\/servicos\/#breadcrumb","itemListElement":[{"@type":"ListItem","position":1,"name":"In\u00edcio","item":"https:\/\/tdscontrol.com\/pt-pt\/"},{"@type":"ListItem","position":2,"name":"Servi\u00e7os"}]},{"@type":"WebSite","@id":"https:\/\/tdscontrol.com\/#website","url":"https:\/\/tdscontrol.com\/","name":"TDS","description":"Tools &amp; Design Solutions","publisher":{"@id":"https:\/\/tdscontrol.com\/#organization"},"potentialAction":[{"@type":"SearchAction","target":{"@type":"EntryPoint","urlTemplate":"https:\/\/tdscontrol.com\/?s={search_term_string}"},"query-input":{"@type":"PropertyValueSpecification","valueRequired":true,"valueName":"search_term_string"}}],"inLanguage":"pt-PT"},{"@type":"Organization","@id":"https:\/\/tdscontrol.com\/#organization","name":"TDS - Tools & Design Solutions","url":"https:\/\/tdscontrol.com\/","logo":{"@type":"ImageObject","inLanguage":"pt-PT","@id":"https:\/\/tdscontrol.com\/#\/schema\/logo\/image\/","url":"https:\/\/tdscontrol.com\/wp-content\/uploads\/2022\/03\/Logotipo_TDS.jpg","contentUrl":"https:\/\/tdscontrol.com\/wp-content\/uploads\/2022\/03\/Logotipo_TDS.jpg","width":768,"height":292,"caption":"TDS - Tools & Design Solutions"},"image":{"@id":"https:\/\/tdscontrol.com\/#\/schema\/logo\/image\/"}}]}},"_links":{"self":[{"href":"https:\/\/tdscontrol.com\/pt-pt\/wp-json\/wp\/v2\/pages\/11","targetHints":{"allow":["GET"]}}],"collection":[{"href":"https:\/\/tdscontrol.com\/pt-pt\/wp-json\/wp\/v2\/pages"}],"about":[{"href":"https:\/\/tdscontrol.com\/pt-pt\/wp-json\/wp\/v2\/types\/page"}],"author":[{"embeddable":true,"href":"https:\/\/tdscontrol.com\/pt-pt\/wp-json\/wp\/v2\/users\/2"}],"replies":[{"embeddable":true,"href":"https:\/\/tdscontrol.com\/pt-pt\/wp-json\/wp\/v2\/comments?post=11"}],"version-history":[{"count":117,"href":"https:\/\/tdscontrol.com\/pt-pt\/wp-json\/wp\/v2\/pages\/11\/revisions"}],"predecessor-version":[{"id":833,"href":"https:\/\/tdscontrol.com\/pt-pt\/wp-json\/wp\/v2\/pages\/11\/revisions\/833"}],"wp:featuredmedia":[{"embeddable":true,"href":"https:\/\/tdscontrol.com\/pt-pt\/wp-json\/wp\/v2\/media\/726"}],"wp:attachment":[{"href":"https:\/\/tdscontrol.com\/pt-pt\/wp-json\/wp\/v2\/media?parent=11"}],"curies":[{"name":"wp","href":"https:\/\/api.w.org\/{rel}","templated":true}]}}